{"id":32537,"date":"2022-08-25T11:27:47","date_gmt":"2022-08-25T09:27:47","guid":{"rendered":"https:\/\/relocationibiza.com\/politica-de-privacidad\/"},"modified":"2024-07-29T10:26:27","modified_gmt":"2024-07-29T08:26:27","slug":"politica-de-privacidad","status":"publish","type":"page","link":"https:\/\/www.relocationibiza.com\/de\/datenschutz\/","title":{"rendered":"Datenschutz"},"content":{"rendered":"\t\t<div data-elementor-type=\"wp-page\" data-elementor-id=\"32537\" class=\"elementor elementor-32537 elementor-17563\">\n\t\t\t\t\t\t\t\t\t<section class=\"elementor-section elementor-top-section elementor-element elementor-element-948704b elementor-section-boxed elementor-section-height-default elementor-section-height-default\" data-id=\"948704b\" data-element_type=\"section\">\n\t\t\t\t\t\t<div class=\"elementor-container elementor-column-gap-default\">\n\t\t\t\t\t<div class=\"elementor-column elementor-col-100 elementor-top-column elementor-element elementor-element-37db7d4\" data-id=\"37db7d4\" data-element_type=\"column\">\n\t\t\t<div class=\"elementor-widget-wrap elementor-element-populated\">\n\t\t\t\t\t\t\t\t<div class=\"elementor-element elementor-element-9329f31 elementor-widget elementor-widget-heading\" data-id=\"9329f31\" data-element_type=\"widget\" data-widget_type=\"heading.default\">\n\t\t\t\t<div class=\"elementor-widget-container\">\n\t\t\t<style>\/*! elementor - v3.6.7 - 03-07-2022 *\/\n.elementor-heading-title{padding:0;margin:0;line-height:1}.elementor-widget-heading .elementor-heading-title[class*=elementor-size-]>a{color:inherit;font-size:inherit;line-height:inherit}.elementor-widget-heading .elementor-heading-title.elementor-size-small{font-size:15px}.elementor-widget-heading .elementor-heading-title.elementor-size-medium{font-size:19px}.elementor-widget-heading .elementor-heading-title.elementor-size-large{font-size:29px}.elementor-widget-heading .elementor-heading-title.elementor-size-xl{font-size:39px}.elementor-widget-heading .elementor-heading-title.elementor-size-xxl{font-size:59px}<\/style><h2 class=\"elementor-heading-title elementor-size-default\">Datenschutzhinweise<\/h2>\t\t<\/div>\n\t\t\t\t<\/div>\n\t\t\t\t<div class=\"elementor-element elementor-element-836902e elementor-widget elementor-widget-text-editor\" data-id=\"836902e\" data-element_type=\"widget\" data-widget_type=\"text-editor.default\">\n\t\t\t\t<div class=\"elementor-widget-container\">\n\t\t\t<style>\/*! elementor - v3.6.7 - 03-07-2022 *\/\n.elementor-widget-text-editor.elementor-drop-cap-view-stacked .elementor-drop-cap{background-color:#818a91;color:#fff}.elementor-widget-text-editor.elementor-drop-cap-view-framed .elementor-drop-cap{color:#818a91;border:3px solid;background-color:transparent}.elementor-widget-text-editor:not(.elementor-drop-cap-view-default) .elementor-drop-cap{margin-top:8px}.elementor-widget-text-editor:not(.elementor-drop-cap-view-default) .elementor-drop-cap-letter{width:1em;height:1em}.elementor-widget-text-editor .elementor-drop-cap{float:left;text-align:center;line-height:1;font-size:50px}.elementor-widget-text-editor .elementor-drop-cap-letter{display:inline-block}<\/style>\t\t\t\t<p style=\"font-weight: 400;\">In \u00dcbereinstimmung mit der Europ\u00e4ischen Datenschutzverordnung 2016\/679 des Europ\u00e4ischen Parlaments und des Rates vom 27. April 2016 \u00fcber den Schutz personenbezogener Daten (RGPD) und dem am 5. Dezember 2018 verabschiedeten Organgesetz 3\/2018 \u00fcber den Schutz personenbezogener Daten und die Gew\u00e4hrleistung digitaler Rechte (LOPDyGDD) werden Ihre Daten von der Firma <strong>SPIF GESTION PATRIMONIO, S.L.<\/strong> verarbeitet.<\/p><p style=\"font-weight: 400;\"><strong>Verantwortlich<\/strong>: SPIF GESTION PATRIMONIO, S.L. &#8211; CIF: B88062773 Postanschrift: Paseo de la Castellana 40, 8. Stock, 28046 Madrid. E-Mail: info@relocationibiza.com<\/p><p style=\"font-weight: 400;\">SPIF GESTION PATRIMONIO S.L. verarbeitet die von Ihnen zur Verf\u00fcgung gestellten Daten, um Ihnen die angeforderte Dienstleistung zu erbringen und Ihnen eine Rechnung auszustellen. Die zur Verf\u00fcgung gestellten Daten werden so lange aufbewahrt, wie die Gesch\u00e4ftsbeziehung aufrechterhalten wird, oder so lange, wie es f\u00fcr die Erf\u00fcllung der gesetzlichen Verpflichtungen und die Erf\u00fcllung m\u00f6glicher Verpflichtungen, die sich aus der Erf\u00fcllung des Zwecks der Datenerhebung ergeben, erforderlich ist. Die Daten werden nicht an Dritte weitergegeben, es sei denn, es besteht eine gesetzliche Verpflichtung. Sie haben das Recht, Auskunft dar\u00fcber zu erhalten, ob SPIF GESTION PATRIMONIO S.L. Ihre personenbezogenen Daten verarbeitet, und k\u00f6nnen daher Ihre Rechte auf Zugang, Berichtigung, L\u00f6schung und \u00dcbertragbarkeit der Daten sowie auf Widerspruch und Einschr\u00e4nkung ihrer Verarbeitung bei SPIF GESTION PATRIMONIO S.L., PASEO DE LA CASTELLANA 40, 8 PLANTA oder unter der E-Mail-Adresse info@spifgroup.com geltend machen, wobei Sie eine Kopie Ihres Personalausweises oder eines gleichwertigen Dokuments beif\u00fcgen m\u00fcssen. Ebenso k\u00f6nnen Sie, insbesondere wenn Sie der Ansicht sind, dass Sie bei der Aus\u00fcbung Ihrer Rechte keine vollst\u00e4ndige Befriedigung erhalten haben, eine Beschwerde bei der nationalen Aufsichtsbeh\u00f6rde einreichen, indem Sie sich an die spanische Datenschutzbeh\u00f6rde, C\/ Jorge Juan, 6 &#8211; 28001 Madrid, wenden.<\/p>\t\t\t\t\t\t<\/div>\n\t\t\t\t<\/div>\n\t\t\t\t\t<\/div>\n\t\t<\/div>\n\t\t\t\t\t\t\t<\/div>\n\t\t<\/section>\n\t\t\t\t<section class=\"elementor-section elementor-top-section elementor-element elementor-element-96f21fb elementor-section-boxed elementor-section-height-default elementor-section-height-default\" data-id=\"96f21fb\" data-element_type=\"section\">\n\t\t\t\t\t\t<div class=\"elementor-container elementor-column-gap-default\">\n\t\t\t\t\t<div class=\"elementor-column elementor-col-100 elementor-top-column elementor-element elementor-element-dfd1cf2\" data-id=\"dfd1cf2\" data-element_type=\"column\">\n\t\t\t<div class=\"elementor-widget-wrap elementor-element-populated\">\n\t\t\t\t\t\t\t\t<div class=\"elementor-element elementor-element-3c1dfce elementor-widget elementor-widget-heading\" data-id=\"3c1dfce\" data-element_type=\"widget\" data-widget_type=\"heading.default\">\n\t\t\t\t<div class=\"elementor-widget-container\">\n\t\t\t<h2 class=\"elementor-heading-title elementor-size-default\">GRUNDLEGENDE INFORMATIONEN ZUM DATENSCHUTZ<\/h2>\t\t<\/div>\n\t\t\t\t<\/div>\n\t\t\t\t\t<\/div>\n\t\t<\/div>\n\t\t\t\t\t\t\t<\/div>\n\t\t<\/section>\n\t\t\t\t<section class=\"elementor-section elementor-top-section elementor-element elementor-element-e44491e elementor-section-boxed elementor-section-height-default elementor-section-height-default\" data-id=\"e44491e\" data-element_type=\"section\">\n\t\t\t\t\t\t<div class=\"elementor-container elementor-column-gap-default\">\n\t\t\t\t\t<div class=\"elementor-column elementor-col-100 elementor-top-column elementor-element elementor-element-6130e52\" data-id=\"6130e52\" data-element_type=\"column\">\n\t\t\t<div class=\"elementor-widget-wrap elementor-element-populated\">\n\t\t\t\t\t\t\t\t<div class=\"elementor-element elementor-element-4d6d8f9 elementor-widget elementor-widget-text-editor\" data-id=\"4d6d8f9\" data-element_type=\"widget\" data-widget_type=\"text-editor.default\">\n\t\t\t\t<div class=\"elementor-widget-container\">\n\t\t\t\t\t\t\t<p style=\"font-weight: 400;\"><strong>Verantwortlich<\/strong>: SPIF GESTION PATRIMONIO, S.L<\/p><p style=\"font-weight: 400;\"><strong>Zweck<\/strong>: Vermittlung von Immobilien durch Kauf, Verkauf und Vermietung. Bei Relocation Ibiza verarbeiten wir die von unseren Kunden zur Verf\u00fcgung gestellten Informationen, um ihnen einen besseren Service zu bieten und ihnen die Immobilienoptionen zu pr\u00e4sentieren, die ihren Bed\u00fcrfnissen am besten entsprechen.<\/p><p style=\"font-weight: 400;\"><strong>Legitimation<\/strong>: Zustimmung der betroffenen Partei. Wenn Sie ein Kunde sind, haben Sie uns durch Ankreuzen des K\u00e4stchens auf dem Kontaktformular die Erlaubnis erteilt, Ihnen Mitteilungen im Zusammenhang mit Ihrer Anfrage zu senden.<\/p><p style=\"font-weight: 400;\"><strong>Empf\u00e4nger<\/strong>: Die Daten werden nicht an Dritte weitergegeben, es sei denn, es besteht eine gesetzliche Verpflichtung zur Weitergabe.<\/p><p style=\"font-weight: 400;\"><strong>Ihre Rechte<\/strong>: Zugang, Berichtigung und L\u00f6schung von Daten sowie andere Rechte. Wir informieren Sie dar\u00fcber, dass Sie die folgenden Rechte aus\u00fcben k\u00f6nnen:<\/p><ol style=\"font-weight: 400;\"><li style=\"font-weight: inherit; font-style: inherit;\">das Recht auf Zugang zu Ihren personenbezogenen Daten, um zu erfahren, welche Daten verarbeitet werden und welche Verarbeitungen mit ihnen durchgef\u00fchrt werden;<\/li><li style=\"font-weight: inherit; font-style: inherit;\">Das Recht, unrichtige personenbezogene Daten zu berichtigen;<\/li><li style=\"font-weight: inherit; font-style: inherit;\">Das Recht auf L\u00f6schung Ihrer personenbezogenen Daten, sofern dies m\u00f6glich ist (z. B. aufgrund gesetzlicher Bestimmungen);<\/li><li style=\"font-weight: inherit; font-style: inherit;\">das Recht, die Einschr\u00e4nkung der Verarbeitung Ihrer personenbezogenen Daten zu verlangen, wenn Zweifel an der Richtigkeit, Rechtm\u00e4\u00dfigkeit oder Notwendigkeit der Datenverarbeitung bestehen; in diesem Fall k\u00f6nnen wir die Daten zum Zwecke der Verfolgung oder Abwehr von Anspr\u00fcchen aufbewahren.<\/li><li style=\"font-weight: inherit; font-style: inherit;\">Sie haben das Recht, der Verarbeitung Ihrer personenbezogenen Daten zu widersprechen, wenn die Rechtsgrundlage f\u00fcr die Verarbeitung unserer Daten unser berechtigtes Interesse ist. Relocation Ibiza wird die Verarbeitung Ihrer Daten einstellen, es sei denn, es besteht ein berechtigtes Interesse oder sie ist f\u00fcr die Abwehr von Anspr\u00fcchen erforderlich.<\/li><li style=\"font-weight: inherit; font-style: inherit;\">Das Recht auf \u00dcbertragbarkeit Ihrer Daten, wenn die Rechtsgrundlage f\u00fcr die Verarbeitung Ihrer Daten das Bestehen eines Vertragsverh\u00e4ltnisses oder Ihre Einwilligung ist.<\/li><li style=\"font-weight: inherit; font-style: inherit;\">Das Recht, die gegen\u00fcber Relocation Ibiza erteilte Zustimmung zu widerrufen.<\/li><\/ol><p style=\"font-weight: 400;\">Sie k\u00f6nnen Ihre Rechte jederzeit und kostenlos auf folgende Weise aus\u00fcben:<\/p><ol style=\"font-weight: 400;\"><li style=\"font-weight: inherit; font-style: inherit;\">Durch Senden einer E-Mail an info@spifgroup.com oder info@relocationibiza.com.<\/li><\/ol><p style=\"font-weight: 400;\">Dar\u00fcber hinaus weisen wir Sie darauf hin, dass Sie das Recht haben, eine Beschwerde bei der spanischen Datenschutzbeh\u00f6rde einzureichen, wenn Sie der Meinung sind, dass im Zusammenhang mit der Verarbeitung Ihrer personenbezogenen Daten ein Versto\u00df gegen die Datenschutzvorschriften begangen wurde.<\/p><h2>Vertraulichkeit und Sicherheit<\/h2><p style=\"font-weight: 400;\">SPIF GESTION PATRIMONIO, S.L. unternimmt alle angemessenen Anstrengungen, um die Vertraulichkeit der pers\u00f6nlichen Daten zu wahren, die \u00fcber die Website und gegebenenfalls \u00fcber andere Immobilienportale, auf denen unsere Immobilien ver\u00f6ffentlicht werden, verarbeitet werden. Wir halten ein strenges Sicherheitsniveau ein, um die von uns verarbeiteten personenbezogenen Daten gegen zuf\u00e4lligen Verlust und gegen unbefugten Zugriff, Verarbeitung oder Offenlegung zu sch\u00fctzen, wobei der Stand der Technik sowie die Art und die Risiken, denen die Daten ausgesetzt sind, ber\u00fccksichtigt werden.<\/p>\t\t\t\t\t\t<\/div>\n\t\t\t\t<\/div>\n\t\t\t\t\t<\/div>\n\t\t<\/div>\n\t\t\t\t\t\t\t<\/div>\n\t\t<\/section>\n\t\t\t\t\t\t\t<\/div>\n\t\t","protected":false},"excerpt":{"rendered":"<p>Datenschutzhinweise In \u00dcbereinstimmung mit der Europ\u00e4ischen Datenschutzverordnung 2016\/679 des Europ\u00e4ischen Parlaments und des Rates vom 27. April 2016 \u00fcber den Schutz personenbezogener Daten (RGPD) und dem am 5. Dezember 2018 verabschiedeten Organgesetz 3\/2018 \u00fcber den Schutz personenbezogener Daten und die Gew\u00e4hrleistung digitaler Rechte (LOPDyGDD) werden Ihre Daten von der Firma SPIF GESTION PATRIMONIO, S.L. verarbeitet. [&hellip;]<\/p>\n","protected":false},"author":1,"featured_media":0,"parent":0,"menu_order":0,"comment_status":"closed","ping_status":"closed","template":"elementor_header_footer","meta":{"footnotes":""},"class_list":["post-32537","page","type-page","status-publish","hentry"],"_links":{"self":[{"href":"https:\/\/www.relocationibiza.com\/de\/wp-json\/wp\/v2\/pages\/32537","targetHints":{"allow":["GET"]}}],"collection":[{"href":"https:\/\/www.relocationibiza.com\/de\/wp-json\/wp\/v2\/pages"}],"about":[{"href":"https:\/\/www.relocationibiza.com\/de\/wp-json\/wp\/v2\/types\/page"}],"author":[{"embeddable":true,"href":"https:\/\/www.relocationibiza.com\/de\/wp-json\/wp\/v2\/users\/1"}],"replies":[{"embeddable":true,"href":"https:\/\/www.relocationibiza.com\/de\/wp-json\/wp\/v2\/comments?post=32537"}],"version-history":[{"count":8,"href":"https:\/\/www.relocationibiza.com\/de\/wp-json\/wp\/v2\/pages\/32537\/revisions"}],"predecessor-version":[{"id":2230757,"href":"https:\/\/www.relocationibiza.com\/de\/wp-json\/wp\/v2\/pages\/32537\/revisions\/2230757"}],"wp:attachment":[{"href":"https:\/\/www.relocationibiza.com\/de\/wp-json\/wp\/v2\/media?parent=32537"}],"curies":[{"name":"wp","href":"https:\/\/api.w.org\/{rel}","templated":true}]}}