{"id":32874,"date":"2023-02-13T02:10:27","date_gmt":"2023-02-13T01:10:27","guid":{"rendered":"https:\/\/relocationibiza.com\/politica-de-cookies\/"},"modified":"2024-07-29T10:24:18","modified_gmt":"2024-07-29T08:24:18","slug":"politica-de-cookies","status":"publish","type":"page","link":"https:\/\/www.relocationibiza.com\/de\/cookie-hinweise\/","title":{"rendered":"Cookie Hinweise"},"content":{"rendered":"\t\t<div data-elementor-type=\"wp-page\" data-elementor-id=\"32874\" class=\"elementor elementor-32874 elementor-32867\">\n\t\t\t\t\t\t\t\t\t<section class=\"elementor-section elementor-top-section elementor-element elementor-element-a3a92c0 elementor-section-boxed elementor-section-height-default elementor-section-height-default\" data-id=\"a3a92c0\" data-element_type=\"section\">\n\t\t\t\t\t\t<div class=\"elementor-container elementor-column-gap-default\">\n\t\t\t\t\t<div class=\"elementor-column elementor-col-100 elementor-top-column elementor-element elementor-element-5fcf61b\" data-id=\"5fcf61b\" data-element_type=\"column\">\n\t\t\t<div class=\"elementor-widget-wrap elementor-element-populated\">\n\t\t\t\t\t\t\t\t<div class=\"elementor-element elementor-element-9c38e0c elementor-widget elementor-widget-heading\" data-id=\"9c38e0c\" data-element_type=\"widget\" data-widget_type=\"heading.default\">\n\t\t\t\t<div class=\"elementor-widget-container\">\n\t\t\t<style>\/*! elementor - v3.6.7 - 03-07-2022 *\/\n.elementor-heading-title{padding:0;margin:0;line-height:1}.elementor-widget-heading .elementor-heading-title[class*=elementor-size-]>a{color:inherit;font-size:inherit;line-height:inherit}.elementor-widget-heading .elementor-heading-title.elementor-size-small{font-size:15px}.elementor-widget-heading .elementor-heading-title.elementor-size-medium{font-size:19px}.elementor-widget-heading .elementor-heading-title.elementor-size-large{font-size:29px}.elementor-widget-heading .elementor-heading-title.elementor-size-xl{font-size:39px}.elementor-widget-heading .elementor-heading-title.elementor-size-xxl{font-size:59px}<\/style><h2 class=\"elementor-heading-title elementor-size-default\">Cookie Hinweise<\/h2>\t\t<\/div>\n\t\t\t\t<\/div>\n\t\t\t\t<div class=\"elementor-element elementor-element-9ef100b elementor-widget elementor-widget-text-editor\" data-id=\"9ef100b\" data-element_type=\"widget\" data-widget_type=\"text-editor.default\">\n\t\t\t\t<div class=\"elementor-widget-container\">\n\t\t\t<style>\/*! elementor - v3.6.7 - 03-07-2022 *\/\n.elementor-widget-text-editor.elementor-drop-cap-view-stacked .elementor-drop-cap{background-color:#818a91;color:#fff}.elementor-widget-text-editor.elementor-drop-cap-view-framed .elementor-drop-cap{color:#818a91;border:3px solid;background-color:transparent}.elementor-widget-text-editor:not(.elementor-drop-cap-view-default) .elementor-drop-cap{margin-top:8px}.elementor-widget-text-editor:not(.elementor-drop-cap-view-default) .elementor-drop-cap-letter{width:1em;height:1em}.elementor-widget-text-editor .elementor-drop-cap{float:left;text-align:center;line-height:1;font-size:50px}.elementor-widget-text-editor .elementor-drop-cap-letter{display:inline-block}<\/style>\t\t\t\t<p style=\"font-weight: 400;\">Auf dieser Website www.relocationibiza.com (die &#8220;Website&#8221;) verwenden wir Cookies oder andere Tracking- und Tracing-Tools, um Informationen dar\u00fcber zu sammeln, wie Benutzer die Website nutzen.<\/p><h5><strong>1.- WAS IST EIN KEKS?<\/strong><\/h5><p>Ein Cookie ist eine Datei, die im Browser Ihres Ger\u00e4ts (Computer, Handy usw.) installiert wird, um Daten zu speichern und abzurufen. Cookies k\u00f6nnen je nach dem Zweck, f\u00fcr den sie konfiguriert wurden, eine Vielzahl von Zwecken erf\u00fcllen: z. B. das Speichern von Pr\u00e4ferenzen, das Sammeln von Nutzungsstatistiken, das Erm\u00f6glichen von technischen Funktionen und vieles mehr.<\/p><h5><strong>2.- WER IST ZUST\u00c4NDIG?<\/strong><\/h5><p>SPIF GESTION PATRIMONIO, S.L. mit der NIF B88062773 und der Adresse Paseo de la Castellana 40, 8\u00aa planta, 28046, Madrid, ist f\u00fcr die Verarbeitung der mit Hilfe von Cookies gesammelten Informationen verantwortlich.<\/p><p>Wenn Sie Fragen zur Verwendung von Cookies haben, senden Sie bitte eine E-Mail an info@relocationibiza.com. Wir werden Ihnen so schnell wie m\u00f6glich antworten.<\/p><h5><strong>3.- WELCHE DATEN WERDEN DURCH COOKIES GESAMMELT?<\/strong><\/h5><p>Wenn Sie auf die Website zugreifen, auch wenn Sie sich nicht registriert haben, werden die folgenden Informationen durch Cookies gesammelt:<\/p><p>Ger\u00e4teinformationen: Im Zuge der Nutzung der Website erfassen wir Informationen \u00fcber das mobile Ger\u00e4t, mit dem Sie auf die Website zugreifen. Bei den von uns erfassten Informationen handelt es sich um das Ger\u00e4temodell, das Betriebssystem und die Version, die eindeutige Ger\u00e4tekennung und das Netzwerk.<\/p><p>Informationen \u00fcber Ihren Standort: Wir erhalten auch Ihre IP-Adresse, Ihre Zeitzone und den Mobilfunkanbieter, der es uns erm\u00f6glicht, einen allgemeinen Standort zu ermitteln.<br \/>Informationen \u00fcber die Nutzung der Website: Wir sammeln Informationen \u00fcber Ihre Nutzung der Website. Insbesondere die H\u00e4ufigkeit der Nutzung, die von Ihnen besuchten Bereiche, die Nutzung bestimmter Funktionen usw.<\/p><h5><strong>4.- WELCHE ARTEN VON COOKIES GIBT ES?<\/strong><\/h5><p>Je nach ihrem Zweck k\u00f6nnen Cookies wie folgt klassifiziert werden:<\/p><p><strong>Technische Cookies:<\/strong><\/p><p>Diese Cookies sind f\u00fcr das Surfen auf der Website unbedingt erforderlich und erm\u00f6glichen grundlegende Funktionen wie das Wechseln von einem Bereich zum anderen. Sie sind f\u00fcr technische Aspekte wie die Identifizierung von Profilen oder Sitzungen und die Verwaltung von Tool-Pr\u00e4ferenzen bei der Nutzung, Interaktion und dem Ort des Zugriffs auf Inhalte zust\u00e4ndig. Zu dieser Kategorie geh\u00f6ren aufgrund ihres technischen Charakters auch die Cookies, die eine m\u00f6glichst effiziente Verwaltung der auf der Website enthaltenen Werbefl\u00e4chen erm\u00f6glichen, ohne dass Nutzerdaten f\u00fcr andere Zwecke, wie die Personalisierung dieser Werbeinhalte oder anderer Inhalte, erfasst werden.<\/p><p><strong>Statistische Cookies:<\/strong><\/p><p>Diese Cookies messen und sammeln statistische Informationen \u00fcber die Nutzung der Website durch den Nutzer, wie z. B. die auf der Website verbrachte Zeit, die Anzahl der Besuche oder die besuchten Inhalte. Anhand dieser Informationen l\u00e4sst sich nachvollziehen, wie die Nutzer mit der Website interagieren, die Leistung der Website bewerten und feststellen, welche Seiten oder Abschnitte der Website am h\u00e4ufigsten oder am wenigsten besucht werden, einschlie\u00dflich der Quantifizierung der Auswirkungen der auf der Website geschalteten Werbung (falls zutreffend). Anhand dieser Informationen k\u00f6nnen Fehler behoben, das Design der Website oder die auf der Website angebotenen Inhalte verbessert werden.<\/p><p><strong>Pr\u00e4ferenz- oder Personalisierungs-Cookies:<\/strong><\/p><p>Pr\u00e4ferenz-Cookies erm\u00f6glichen es der Website, sich an Benutzerinformationen zu erinnern, so dass der Benutzer mit bestimmten Merkmalen auf den Dienst zugreifen kann, die seine Erfahrung von der anderer Benutzer unterscheiden k\u00f6nnen. Zum Beispiel Ihre bevorzugte Sprache oder die Region, von der aus Sie auf den Dienst zugreifen, die Anzahl der Ergebnisse, die bei einer Suche angezeigt werden sollen, das Aussehen oder der Inhalt des Dienstes in Abh\u00e4ngigkeit von der Art des Ger\u00e4ts, mit dem Sie auf den Dienst zugreifen.<\/p><p><strong>Cookies f\u00fcr verhaltensbasierte Werbung:<\/strong><\/p><p>Diese Cookies erm\u00f6glichen die Verwaltung von Werbefl\u00e4chen, die gegebenenfalls auf der Website vorhanden sind. Die Verwaltung der Werbefl\u00e4chen basiert jedoch auf dem Surfprofil des Nutzers. Diese Cookies speichern Informationen \u00fcber die Surfgewohnheiten der Nutzer, die durch kontinuierliche Beobachtung ihrer Surfgewohnheiten gewonnen werden, um ein spezifisches Nutzerprofil zu erstellen, so dass die Werbung, die in diesen Bereichen erscheint, f\u00fcr den Nutzer entsprechend seinen Gewohnheiten personalisiert wird.<\/p><p><strong>Je nach der Einrichtung, die sie verwaltet:<\/strong><\/p><p><strong>Eigene Cookies:<\/strong> Es handelt sich um Cookies, die von einem Computer oder einer Dom\u00e4ne, die von der f\u00fcr die Website verantwortlichen Partei, in diesem Fall RELOCATION IBIZA, verwaltet wird und von der aus die vom Nutzer angeforderte Dienstleistung erbracht wird, an das Ger\u00e4t des Nutzers gesendet werden.<\/p><p><strong>Cookies von Drittanbietern:<\/strong> Dies sind Cookies, die von einem Computer oder einer Dom\u00e4ne an das Ger\u00e4t des Nutzers gesendet werden, die nicht von der f\u00fcr die Website verantwortlichen Partei verwaltet werden, sondern von einer anderen Einheit, die die durch die Cookies erhaltenen Daten verarbeitet.<\/p><p><strong>Je nachdem, wie lange sie aktiviert bleiben:<\/strong><\/p><p>Je nachdem, wie lange sie im Ger\u00e4t aktiviert bleiben, k\u00f6nnen wir sie unterscheiden:<\/p><p><strong>Sitzungscookies:<\/strong> Sie dienen der Erfassung und Speicherung von Daten w\u00e4hrend des Besuchs der Website und werden nach Beendigung des Besuchs deaktiviert.<\/p><p><strong>Dauerhafte Cookies:<\/strong> Diese speichern Daten und k\u00f6nnen f\u00fcr einen von der f\u00fcr das Cookie verantwortlichen Partei festgelegten Zeitraum, der von einigen Minuten bis zu mehreren Jahren reichen kann, abgerufen und verarbeitet werden.<\/p><h5><strong>5.- WELCHE SPEZIELLEN COOKIES VERWENDEN WIR AUF UNSERER WEBSITE?<\/strong><\/h5><p>Wir verwenden die folgenden Cookies auf unserer Website:<\/p><table width=\"849\" cellspacing=\"0\" cellpadding=\"15\"><thead><tr valign=\"top\"><td style=\"background: #a8d08d;\" bgcolor=\"#a8d08d\" width=\"131\"><p align=\"justify\"><span style=\"color: #ffffff;\"><span style=\"font-family: Times New Roman, serif;\">Identifizierung<\/span><\/span><\/p><\/td><td style=\"background: #a8d08d;\" bgcolor=\"#a8d08d\" width=\"274\"><p align=\"justify\"><span style=\"color: #ffffff;\"><span style=\"font-family: Times New Roman, serif;\">Zweck<\/span><\/span><\/p><\/td><td style=\"background: #a8d08d;\" bgcolor=\"#a8d08d\" width=\"208\"><p align=\"justify\"><span style=\"color: #ffffff;\"><span style=\"font-family: Times New Roman, serif;\">Eigene Cookies\/Drittanbiet er- Cookies<\/span><\/span><\/p><\/td><td style=\"background: #a8d08d;\" bgcolor=\"#a8d08d\" width=\"111\"><p align=\"justify\"><span style=\"color: #ffffff;\"><span style=\"font-family: Times New Roman, serif;\">Verfallsdatum<\/span><\/span><\/p><\/td><\/tr><\/thead><tbody><tr valign=\"top\"><td style=\"background: #ffffff;\" bgcolor=\"#ffffff\" width=\"131\"><p align=\"justify\"><span style=\"color: #666666;\"><span style=\"font-family: Times New Roman, serif;\">Google &#8211; Anzeig en<\/span><\/span><\/p><\/td><td style=\"background: #ffffff;\" bgcolor=\"#ffffff\" width=\"274\"><p align=\"justify\"><span style=\"color: #666666;\"><span style=\"font-family: Times New Roman, serif;\">Personalisierte Anzeigen anzeigen<\/span><\/span><\/p><\/td><td style=\"background: #ffffff;\" bgcolor=\"#ffffff\" width=\"208\"><p align=\"justify\"><span style=\"color: #666666;\"><span style=\"font-family: Times New Roman, serif;\">Google LLC<\/span><\/span><\/p><\/td><td style=\"background: #ffffff;\" bgcolor=\"#ffffff\" width=\"111\"><p align=\"justify\"><span style=\"color: #666666;\"><span style=\"font-family: Times New Roman, serif;\">Dauerhaft<\/span><\/span><\/p><p align=\"justify\">\u00a0<\/p><\/td><\/tr><\/tbody><\/table><h5><strong>6.- AUF WELCHER LEGITIMATIONSGRUNDLAGE D\u00dcRFEN WIR IHRE DATEN DURCH COOKIES VERARBEITEN? WENN JA, SIND SIE OBLIGATORISCH?<\/strong><\/h5><p>Die Informationen, die wir mit Hilfe von Cookies und anderen Tracking-Ger\u00e4ten sammeln, beruhen auf Ihrer Zustimmung, um die wir Sie bitten, wenn Sie die Website \u00fcber ein Informations-Pop-up aufrufen.<\/p><p>In diesem Zusammenhang k\u00f6nnen Sie Ihre Einwilligung jederzeit widerrufen, wie in Abschnitt 8 erl\u00e4utert.<\/p><p>Technische Cookies k\u00f6nnen nicht deaktiviert werden, da sonst das ordnungsgem\u00e4\u00dfe Funktionieren der Website beeintr\u00e4chtigt w\u00fcrde. Sie werden in der Regel nur als Reaktion auf Aktionen gesetzt, die Sie durchf\u00fchren, wenn Sie Dienste von uns anfordern, z. B. wenn Sie Ihre Pr\u00e4ferenzen in Bezug auf die Cookies selbst festlegen, sich anmelden oder Formulare ausf\u00fcllen. Im Falle einer Deaktivierung kann dies zu einer eingeschr\u00e4nkten Nutzung einiger Dienste der Website f\u00fchren, da Sie auf bestimmte Funktionen nicht zugreifen k\u00f6nnen und Ihr Erlebnis daher weniger zufriedenstellend ist.<\/p><h5><strong>7.- AN WEN \u00dcBERMITTELN WIR IHRE PERSONENBEZOGENEN DATEN? GIBT ES EINEN INTERNATIONALEN DATENTRANSFER?<\/strong><\/h5><p>Wir verwenden einige Drittanbieter-Cookies, d. h. Cookies, die von Dritten gesammelt und verwaltet werden, so dass diese Einrichtungen Ihre durch Cookies gesammelten personenbezogenen Daten fu\u0308r die fu\u0308r jedes Cookie angegebenen Zwecke erhalten. Diese Arten von Cookies werden in der Tabelle in Abschnitt 4 als &#8220;Cookies von Dritten&#8221; bezeichnet). In dieser Tabelle wird der Drittanbieter genannt, der die einzelnen Cookies verwaltet, und es wird ein Link zu den jeweiligen Gesch\u00e4ftsbedingungen angegeben.<\/p><p>\u00dcber die \u00dcbermittlung in Drittl\u00e4nder, die gegebenenfalls von den in dieser Cookie- Richtlinie genannten Dritten vorgenommen wird, k\u00f6nnen Sie sich in deren entsprechenden Richtlinien informieren (siehe die Links im Abschnitt &#8220;Eigene Cookies\/Drittanbieter&#8221; in der Tabelle in Abschnitt 4).<\/p><p>Im Folgenden erl\u00e4utern wir jedoch die wichtigsten von uns verwendeten Cookies von Drittanbietern und ihre wichtigsten Merkmale.<\/p><p><strong>Google Analytics:<\/strong><\/p><p>Um die Nutzung der Website zu analysieren, verwenden wir Google Analytics, einen Webdienst der Google, Inc. Google wird analytische und statistische Informationen \u00fcber Ihre Nutzung der Website sammeln, um Berichte \u00fcber die Aktivit\u00e4t der Website zu erstellen.<\/p><p>Die internationale \u00dcbertragung an Google, Inc. basiert auf der Formalisierung der von der Europ\u00e4ischen Kommission genehmigten Standardvertragsklauseln.<\/p><p>Weitere Informationen zu Google Analytics finden Sie unter: http:\/\/www.google.com\/privacypolicy.html.<\/p><h5><strong>8.- WIE KANN ICH MEINE ZUSTIMMUNG ZUR VERWENDUNG VON COOKIES AUF DIESER WEBSITE AKZEPTIEREN, VERWEIGERN ODER WIDERRUFEN?<\/strong><\/h5><p>Wenn Sie zum ersten Mal auf unsere Website zugreifen, wird Ihnen ein Fenster angezeigt, in dem Sie angeben k\u00f6nnen, ob Sie Cookies akzeptieren oder ob Sie sie konfigurieren oder ablehnen m\u00f6chten, mit Ausnahme derjenigen, die unbedingt erforderlich sind. Sie k\u00f6nnen auch Ihre zuvor erteilte Zustimmung jederzeit widerrufen.<\/p><p>Wenn Sie Ihre Zustimmung in Bezug auf die Cookie-Richtlinie jederzeit widerrufen m\u00f6chten, haben Sie zwei M\u00f6glichkeiten: (i) Sie k\u00f6nnen Ihre Zustimmung \u00fcber die in dieser Cookie-Richtlinie daf\u00fcr vorgesehenen Schaltfl\u00e4chen widerrufen; oder (ii) Sie k\u00f6nnen die auf Ihrem Ger\u00e4t gespeicherten Cookies \u00fcber die Einstellungen und Konfigurationen Ihres Internetbrowsers l\u00f6schen.<\/p><p>Bitte beachten Sie, dass Sie, wenn Sie Cookies von Drittanbietern akzeptieren, diese in den Optionen Ihres Browsers oder in dem von dem Drittanbieter selbst angebotenen System l\u00f6schen m\u00fcssen.<\/p><p>Weitere Informationen zur Deaktivierung von Cookies, je nach Browser, finden Sie unter den folgenden Links:<\/p><p>1. der Internet Explorer: https:\/\/support.microsoft.com\/es-es\/help\/17442\/windows- internet-explorer-delete-manage-cookies<\/p><p>2. Firefox: https:\/\/support.mozilla.org\/es\/kb\/habilitar-y-deshabilitar-cookies-sitios-web- rastrear-preferencias<\/p><p>3. chrom:<br \/>https:\/\/support.google.com\/chrome\/answer\/95647?co=GENIE.Platform%3DDesktop&amp;h l=es<\/p><p>4. f\u00fcr Safari: https:\/\/support.apple.com\/kb\/ph21411?locale=es_ES ; f\u00fcr iOS: https:\/\/support.apple.com\/es-es\/HT201265<\/p><p><br \/>Sie k\u00f6nnen auch Ihre Zustimmung zur Verwendung von Cookies f\u00fcr verhaltensbezogene Werbung konfigurieren, indem Sie zu gehen:<\/p><p><blockquote class=\"wp-embedded-content\" data-secret=\"bWXGLJtkim\"><a href=\"https:\/\/www.youronlinechoices.com\/es\/\" target=\"_blank\" rel=\"noopener\">P\u00e1gina de bienvenida<\/a><\/blockquote><iframe loading=\"lazy\" class=\"wp-embedded-content\" sandbox=\"allow-scripts\" security=\"restricted\" style=\"position: absolute; clip: rect(1px, 1px, 1px, 1px);\" title=\"&#8220;P\u00e1gina de bienvenida&#8221; &#8212; Your Online Choices Espa\u00f1a (Spain)\" src=\"https:\/\/www.youronlinechoices.com\/es\/embed\/#?secret=iylMX7kqz3#?secret=bWXGLJtkim\" data-secret=\"bWXGLJtkim\" width=\"600\" height=\"338\" frameborder=\"0\" marginwidth=\"0\" marginheight=\"0\" scrolling=\"no\"><\/iframe><\/p><p><strong>9.- WELCHE RECHTE K\u00d6NNEN SIE ALS BETROFFENE PERSON AUS\u00dcBEN?<\/strong><\/p><p>Die Rechte, die Sie als betroffene Person in Bezug auf den Schutz Ihrer personenbezogenen Daten haben, sind im Abschnitt &#8220;Welche Rechte k\u00f6nnen Sie als betroffene Person aus\u00fcben&#8221; in der Datenschutzrichtlinie aufgef\u00fchrt.<\/p><h5><strong>10.- \u00c4NDERUNGEN AN DIESER POLITIK<\/strong><\/h5><p>Wir k\u00f6nnen die Cookie-Richtlinie unserer Website von Zeit zu Zeit aktualisieren. Daher empfehlen wir Ihnen, diese Richtlinie jedes Mal zu lesen, wenn Sie auf unsere Website zugreifen, um genau dar\u00fcber informiert zu sein, wie und zu welchem Zweck wir Cookies verwenden.<\/p>\t\t\t\t\t\t<\/div>\n\t\t\t\t<\/div>\n\t\t\t\t\t<\/div>\n\t\t<\/div>\n\t\t\t\t\t\t\t<\/div>\n\t\t<\/section>\n\t\t\t\t\t\t\t<\/div>\n\t\t","protected":false},"excerpt":{"rendered":"<p>Cookie Hinweise Auf dieser Website www.relocationibiza.com (die &#8220;Website&#8221;) verwenden wir Cookies oder andere Tracking- und Tracing-Tools, um Informationen dar\u00fcber zu sammeln, wie Benutzer die Website nutzen. 1.- WAS IST EIN KEKS? Ein Cookie ist eine Datei, die im Browser Ihres Ger\u00e4ts (Computer, Handy usw.) installiert wird, um Daten zu speichern und abzurufen. Cookies k\u00f6nnen je [&hellip;]<\/p>\n","protected":false},"author":1,"featured_media":0,"parent":0,"menu_order":0,"comment_status":"closed","ping_status":"closed","template":"elementor_header_footer","meta":{"footnotes":""},"class_list":["post-32874","page","type-page","status-publish","hentry"],"_links":{"self":[{"href":"https:\/\/www.relocationibiza.com\/de\/wp-json\/wp\/v2\/pages\/32874","targetHints":{"allow":["GET"]}}],"collection":[{"href":"https:\/\/www.relocationibiza.com\/de\/wp-json\/wp\/v2\/pages"}],"about":[{"href":"https:\/\/www.relocationibiza.com\/de\/wp-json\/wp\/v2\/types\/page"}],"author":[{"embeddable":true,"href":"https:\/\/www.relocationibiza.com\/de\/wp-json\/wp\/v2\/users\/1"}],"replies":[{"embeddable":true,"href":"https:\/\/www.relocationibiza.com\/de\/wp-json\/wp\/v2\/comments?post=32874"}],"version-history":[{"count":9,"href":"https:\/\/www.relocationibiza.com\/de\/wp-json\/wp\/v2\/pages\/32874\/revisions"}],"predecessor-version":[{"id":2230753,"href":"https:\/\/www.relocationibiza.com\/de\/wp-json\/wp\/v2\/pages\/32874\/revisions\/2230753"}],"wp:attachment":[{"href":"https:\/\/www.relocationibiza.com\/de\/wp-json\/wp\/v2\/media?parent=32874"}],"curies":[{"name":"wp","href":"https:\/\/api.w.org\/{rel}","templated":true}]}}