{"id":32536,"date":"2022-08-25T11:27:47","date_gmt":"2022-08-25T09:27:47","guid":{"rendered":"https:\/\/relocationibiza.com\/politica-de-privacidad\/"},"modified":"2024-07-29T10:26:13","modified_gmt":"2024-07-29T08:26:13","slug":"politica-de-privacidad","status":"publish","type":"page","link":"https:\/\/www.relocationibiza.com\/fr\/politique-de-confidentialite\/","title":{"rendered":"Politique de confidentialit\u00e9"},"content":{"rendered":"\t\t<div data-elementor-type=\"wp-page\" data-elementor-id=\"32536\" class=\"elementor elementor-32536 elementor-17563\">\n\t\t\t\t\t\t\t\t\t<section class=\"elementor-section elementor-top-section elementor-element elementor-element-948704b elementor-section-boxed elementor-section-height-default elementor-section-height-default\" data-id=\"948704b\" data-element_type=\"section\">\n\t\t\t\t\t\t<div class=\"elementor-container elementor-column-gap-default\">\n\t\t\t\t\t<div class=\"elementor-column elementor-col-100 elementor-top-column elementor-element elementor-element-37db7d4\" data-id=\"37db7d4\" data-element_type=\"column\">\n\t\t\t<div class=\"elementor-widget-wrap elementor-element-populated\">\n\t\t\t\t\t\t\t\t<div class=\"elementor-element elementor-element-9329f31 elementor-widget elementor-widget-heading\" data-id=\"9329f31\" data-element_type=\"widget\" data-widget_type=\"heading.default\">\n\t\t\t\t<div class=\"elementor-widget-container\">\n\t\t\t<style>\/*! elementor - v3.6.7 - 03-07-2022 *\/\n.elementor-heading-title{padding:0;margin:0;line-height:1}.elementor-widget-heading .elementor-heading-title[class*=elementor-size-]>a{color:inherit;font-size:inherit;line-height:inherit}.elementor-widget-heading .elementor-heading-title.elementor-size-small{font-size:15px}.elementor-widget-heading .elementor-heading-title.elementor-size-medium{font-size:19px}.elementor-widget-heading .elementor-heading-title.elementor-size-large{font-size:29px}.elementor-widget-heading .elementor-heading-title.elementor-size-xl{font-size:39px}.elementor-widget-heading .elementor-heading-title.elementor-size-xxl{font-size:59px}<\/style><h2 class=\"elementor-heading-title elementor-size-default\">POLITIQUE DE CONFIDENTIALIT\u00c9<\/h2>\t\t<\/div>\n\t\t\t\t<\/div>\n\t\t\t\t<div class=\"elementor-element elementor-element-836902e elementor-widget elementor-widget-text-editor\" data-id=\"836902e\" data-element_type=\"widget\" data-widget_type=\"text-editor.default\">\n\t\t\t\t<div class=\"elementor-widget-container\">\n\t\t\t<style>\/*! elementor - v3.6.7 - 03-07-2022 *\/\n.elementor-widget-text-editor.elementor-drop-cap-view-stacked .elementor-drop-cap{background-color:#818a91;color:#fff}.elementor-widget-text-editor.elementor-drop-cap-view-framed .elementor-drop-cap{color:#818a91;border:3px solid;background-color:transparent}.elementor-widget-text-editor:not(.elementor-drop-cap-view-default) .elementor-drop-cap{margin-top:8px}.elementor-widget-text-editor:not(.elementor-drop-cap-view-default) .elementor-drop-cap-letter{width:1em;height:1em}.elementor-widget-text-editor .elementor-drop-cap{float:left;text-align:center;line-height:1;font-size:50px}.elementor-widget-text-editor .elementor-drop-cap-letter{display:inline-block}<\/style>\t\t\t\t<p style=\"font-weight: 400;\">Conform\u00e9ment au r\u00e8glement europ\u00e9en sur la protection des donn\u00e9es 2016\/679 du Parlement europ\u00e9en et du Conseil du 27 avril 2016 relatif \u00e0 la protection des donn\u00e9es personnelles (RGPD) et \u00e0 la loi organique 3\/2018 relative \u00e0 la protection des donn\u00e9es personnelles et \u00e0 la garantie des droits num\u00e9riques, approuv\u00e9e le 5 d\u00e9cembre 2018 (LOPDyGDD), vos donn\u00e9es sont trait\u00e9es par la soci\u00e9t\u00e9 <b>SPIF GESTION PATRIMONIO, S.L.<\/b><\/p><p style=\"font-weight: 400;\"><b>Responsable:<\/b> SPIF GESTION PATRIMONIO, S.L. &#8211; CIF : B88062773 Adresse postale: Paseo de la Castellana 40, 8e \u00e9tage, 28046 \u00e0 Madrid. Courriel : info@relocationibiza.com<\/p><p style=\"font-weight: 400;\">SPIF GESTION PATRIMONIO S.L. traite les informations que vous fournissez afin de vous fournir le service demand\u00e9 et de vous facturer. Les donn\u00e9es fournies seront conserv\u00e9es aussi longtemps que la relation commerciale sera maintenue ou pendant le temps n\u00e9cessaire pour respecter les obligations l\u00e9gales et faire face aux \u00e9ventuelles responsabilit\u00e9s qui pourraient d\u00e9couler de l&#8217;accomplissement de la finalit\u00e9 pour laquelle les donn\u00e9es ont \u00e9t\u00e9 collect\u00e9es. Les donn\u00e9es ne seront pas transf\u00e9r\u00e9es \u00e0 des tiers, sauf dans les cas o\u00f9 il existe une obligation l\u00e9gale. Vous avez le droit d&#8217;obtenir des informations sur le traitement de vos donn\u00e9es personnelles par SPIF GESTION PATRIMONIO S.L, et vous pouvez donc exercer vos droits d&#8217;acc\u00e8s, de rectification, d&#8217;effacement et de portabilit\u00e9 des donn\u00e9es et d&#8217;opposition et de limitation \u00e0 leur traitement aupr\u00e8s de SPIF GESTION PATRIMONIO S.L, PASEO DE LA CASTELLANA 40, 8 PLANTA ou \u00e0 l&#8217;adresse \u00e9lectronique info@spifgroup.com, en joignant une copie de votre carte d&#8217;identit\u00e9 ou document \u00e9quivalent. De m\u00eame, et surtout si vous consid\u00e9rez que vous n&#8217;avez pas obtenu pleine satisfaction dans l&#8217;exercice de vos droits, vous pouvez d\u00e9poser une plainte aupr\u00e8s de l&#8217;autorit\u00e9 nationale de contr\u00f4le en vous adressant \u00e0 l&#8217;Agence espagnole de protection des donn\u00e9es, C\/ Jorge Juan, 6 &#8211; 28001 Madrid.<\/p>\t\t\t\t\t\t<\/div>\n\t\t\t\t<\/div>\n\t\t\t\t\t<\/div>\n\t\t<\/div>\n\t\t\t\t\t\t\t<\/div>\n\t\t<\/section>\n\t\t\t\t<section class=\"elementor-section elementor-top-section elementor-element elementor-element-96f21fb elementor-section-boxed elementor-section-height-default elementor-section-height-default\" data-id=\"96f21fb\" data-element_type=\"section\">\n\t\t\t\t\t\t<div class=\"elementor-container elementor-column-gap-default\">\n\t\t\t\t\t<div class=\"elementor-column elementor-col-100 elementor-top-column elementor-element elementor-element-dfd1cf2\" data-id=\"dfd1cf2\" data-element_type=\"column\">\n\t\t\t<div class=\"elementor-widget-wrap elementor-element-populated\">\n\t\t\t\t\t\t\t\t<div class=\"elementor-element elementor-element-3c1dfce elementor-widget elementor-widget-heading\" data-id=\"3c1dfce\" data-element_type=\"widget\" data-widget_type=\"heading.default\">\n\t\t\t\t<div class=\"elementor-widget-container\">\n\t\t\t<h2 class=\"elementor-heading-title elementor-size-default\">INFORMATIONS DE BASE SUR LA PROTECTION DES DONN\u00c9ES<\/h2>\t\t<\/div>\n\t\t\t\t<\/div>\n\t\t\t\t\t<\/div>\n\t\t<\/div>\n\t\t\t\t\t\t\t<\/div>\n\t\t<\/section>\n\t\t\t\t<section class=\"elementor-section elementor-top-section elementor-element elementor-element-e44491e elementor-section-boxed elementor-section-height-default elementor-section-height-default\" data-id=\"e44491e\" data-element_type=\"section\">\n\t\t\t\t\t\t<div class=\"elementor-container elementor-column-gap-default\">\n\t\t\t\t\t<div class=\"elementor-column elementor-col-100 elementor-top-column elementor-element elementor-element-6130e52\" data-id=\"6130e52\" data-element_type=\"column\">\n\t\t\t<div class=\"elementor-widget-wrap elementor-element-populated\">\n\t\t\t\t\t\t\t\t<div class=\"elementor-element elementor-element-4d6d8f9 elementor-widget elementor-widget-text-editor\" data-id=\"4d6d8f9\" data-element_type=\"widget\" data-widget_type=\"text-editor.default\">\n\t\t\t\t<div class=\"elementor-widget-container\">\n\t\t\t\t\t\t\t<p style=\"font-weight: 400;\"><b>Responsable<\/b>:\u00a0SPIF GESTION PATRIMONIO, S.L<\/p><p style=\"font-weight: 400;\"><strong>Objet<\/strong>: interm\u00e9diation immobili\u00e8re d&#8217;achat et de vente et de location. Chez Relocation Ibiza, nous traitons les informations fournies par nos clients afin de leur offrir un meilleur service et de leur pr\u00e9senter les options immobili\u00e8res les mieux adapt\u00e9es \u00e0 leurs besoins.<\/p><p style=\"font-weight: 400;\"><strong>L\u00e9gitimation<\/strong>: Consentement de la partie int\u00e9ress\u00e9e. Si vous \u00eates un client, en cochant la case du formulaire de demande de contact, vous nous avez autoris\u00e9s \u00e0 vous envoyer des communications li\u00e9es \u00e0 votre demande.<\/p><p style=\"font-weight: 400;\"><strong>Destinataires<\/strong>: les donn\u00e9es ne seront pas transmises \u00e0 des tiers, sauf obligation l\u00e9gale.<\/p><p style=\"font-weight: 400;\"><strong>Vos droits<\/strong> : Acc\u00e8s, rectification et suppression des donn\u00e9es, ainsi que d&#8217;autres droits. Nous vous informons que vous pouvez exercer les droits suivants :<\/p><ol style=\"font-weight: 400;\"><li style=\"font-weight: inherit; font-style: inherit;\">droit d&#8217;acc\u00e8s \u00e0 vos donn\u00e9es personnelles afin de savoir quelles donn\u00e9es sont trait\u00e9es et quels traitements sont effectu\u00e9s sur celles-ci ;<\/li><li style=\"font-weight: inherit; font-style: inherit;\">Le droit de rectifier toute donn\u00e9e personnelle inexacte ;<\/li><li style=\"font-weight: inherit; font-style: inherit;\">Le droit \u00e0 l&#8217;effacement de vos donn\u00e9es personnelles, lorsque cela est possible (par exemple, en vertu de la loi) ;<\/li><li style=\"font-weight: inherit; font-style: inherit;\">Le droit de demander la restriction du traitement de vos donn\u00e9es \u00e0 caract\u00e8re personnel lorsque l&#8217;exactitude, la l\u00e9galit\u00e9 ou la n\u00e9cessit\u00e9 du traitement des donn\u00e9es est mise en doute, auquel cas nous pouvons conserver les donn\u00e9es dans le but de poursuivre ou de d\u00e9fendre des r\u00e9clamations.<\/li><li style=\"font-weight: inherit; font-style: inherit;\">Le droit de s&#8217;opposer au traitement de vos donn\u00e9es personnelles, lorsque la base juridique qui nous permet de les traiter est notre int\u00e9r\u00eat l\u00e9gitime. Relocation Ibiza cessera de traiter vos donn\u00e9es, \u00e0 moins qu&#8217;elle n&#8217;ait un int\u00e9r\u00eat l\u00e9gitime ou que cela soit n\u00e9cessaire pour la d\u00e9fense de r\u00e9clamations.<\/li><li style=\"font-weight: inherit; font-style: inherit;\">Le droit \u00e0 la portabilit\u00e9 de vos donn\u00e9es, lorsque la base juridique qui nous permet de les traiter est l&#8217;existence d&#8217;une relation contractuelle ou votre consentement.<\/li><li style=\"font-weight: inherit; font-style: inherit;\">Le droit de r\u00e9voquer le consentement donn\u00e9 \u00e0 Relocation Ibiza.<\/li><\/ol><p style=\"font-weight: 400;\">Vous pouvez exercer vos droits \u00e0 tout moment et gratuitement de la mani\u00e8re suivante :<\/p><ol style=\"font-weight: 400;\"><li style=\"font-weight: inherit; font-style: inherit;\">En envoyant un courriel \u00e0 info@spifgroup.com ou info@relocationibiza.com.<\/li><\/ol><p style=\"font-weight: 400;\">En outre, nous vous informons que vous avez le droit de d\u00e9poser une plainte aupr\u00e8s de l&#8217;Agence espagnole de protection des donn\u00e9es si vous consid\u00e9rez qu&#8217;une violation de la l\u00e9gislation sur la protection des donn\u00e9es a \u00e9t\u00e9 commise en ce qui concerne le traitement de vos donn\u00e9es personnelles.<\/p><h2>Confidentialit\u00e9 et s\u00e9curit\u00e9<\/h2><p style=\"font-weight: 400;\">Chez SPIF GESTION PATRIMONIO, S.L., nous d\u00e9ployons tous les efforts raisonnables pour maintenir la confidentialit\u00e9 des informations personnelles trait\u00e9es par le biais du site web et, le cas \u00e9ch\u00e9ant, d&#8217;autres portails immobiliers sur lesquels nos propri\u00e9t\u00e9s sont publi\u00e9es. Nous maintenons des niveaux de s\u00e9curit\u00e9 stricts pour prot\u00e9ger les donn\u00e9es personnelles que nous traitons contre la perte accidentelle et contre l&#8217;acc\u00e8s, le traitement ou la divulgation non autoris\u00e9s, en tenant compte de l&#8217;\u00e9tat de la technologie et de la nature et des risques auxquels les donn\u00e9es sont expos\u00e9es.<\/p>\t\t\t\t\t\t<\/div>\n\t\t\t\t<\/div>\n\t\t\t\t\t<\/div>\n\t\t<\/div>\n\t\t\t\t\t\t\t<\/div>\n\t\t<\/section>\n\t\t\t\t\t\t\t<\/div>\n\t\t","protected":false},"excerpt":{"rendered":"<p>POLITIQUE DE CONFIDENTIALIT\u00c9 Conform\u00e9ment au r\u00e8glement europ\u00e9en sur la protection des donn\u00e9es 2016\/679 du Parlement europ\u00e9en et du Conseil du 27 avril 2016 relatif \u00e0 la protection des donn\u00e9es personnelles (RGPD) et \u00e0 la loi organique 3\/2018 relative \u00e0 la protection des donn\u00e9es personnelles et \u00e0 la garantie des droits num\u00e9riques, approuv\u00e9e le 5 d\u00e9cembre [&hellip;]<\/p>\n","protected":false},"author":1,"featured_media":0,"parent":0,"menu_order":0,"comment_status":"closed","ping_status":"closed","template":"elementor_header_footer","meta":{"footnotes":""},"class_list":["post-32536","page","type-page","status-publish","hentry"],"_links":{"self":[{"href":"https:\/\/www.relocationibiza.com\/fr\/wp-json\/wp\/v2\/pages\/32536","targetHints":{"allow":["GET"]}}],"collection":[{"href":"https:\/\/www.relocationibiza.com\/fr\/wp-json\/wp\/v2\/pages"}],"about":[{"href":"https:\/\/www.relocationibiza.com\/fr\/wp-json\/wp\/v2\/types\/page"}],"author":[{"embeddable":true,"href":"https:\/\/www.relocationibiza.com\/fr\/wp-json\/wp\/v2\/users\/1"}],"replies":[{"embeddable":true,"href":"https:\/\/www.relocationibiza.com\/fr\/wp-json\/wp\/v2\/comments?post=32536"}],"version-history":[{"count":8,"href":"https:\/\/www.relocationibiza.com\/fr\/wp-json\/wp\/v2\/pages\/32536\/revisions"}],"predecessor-version":[{"id":2230756,"href":"https:\/\/www.relocationibiza.com\/fr\/wp-json\/wp\/v2\/pages\/32536\/revisions\/2230756"}],"wp:attachment":[{"href":"https:\/\/www.relocationibiza.com\/fr\/wp-json\/wp\/v2\/media?parent=32536"}],"curies":[{"name":"wp","href":"https:\/\/api.w.org\/{rel}","templated":true}]}}