{"id":32557,"date":"2022-08-25T11:28:17","date_gmt":"2022-08-25T09:28:17","guid":{"rendered":"https:\/\/relocationibiza.com\/terminos-de-uso\/"},"modified":"2024-07-29T10:20:21","modified_gmt":"2024-07-29T08:20:21","slug":"terminos-de-uso","status":"publish","type":"page","link":"https:\/\/www.relocationibiza.com\/fr\/conditions-d-utilisation\/","title":{"rendered":"Conditions d\u2019utilisation"},"content":{"rendered":"\t\t<div data-elementor-type=\"wp-page\" data-elementor-id=\"32557\" class=\"elementor elementor-32557 elementor-17565\">\n\t\t\t\t\t\t\t\t\t<section class=\"elementor-section elementor-top-section elementor-element elementor-element-52dbfe4 elementor-section-boxed elementor-section-height-default elementor-section-height-default\" data-id=\"52dbfe4\" data-element_type=\"section\">\n\t\t\t\t\t\t<div class=\"elementor-container elementor-column-gap-default\">\n\t\t\t\t\t<div class=\"elementor-column elementor-col-100 elementor-top-column elementor-element elementor-element-53ae85f\" data-id=\"53ae85f\" data-element_type=\"column\">\n\t\t\t<div class=\"elementor-widget-wrap elementor-element-populated\">\n\t\t\t\t\t\t\t\t<div class=\"elementor-element elementor-element-627de86 elementor-widget elementor-widget-heading\" data-id=\"627de86\" data-element_type=\"widget\" data-widget_type=\"heading.default\">\n\t\t\t\t<div class=\"elementor-widget-container\">\n\t\t\t<style>\/*! elementor - v3.6.7 - 03-07-2022 *\/\n.elementor-heading-title{padding:0;margin:0;line-height:1}.elementor-widget-heading .elementor-heading-title[class*=elementor-size-]>a{color:inherit;font-size:inherit;line-height:inherit}.elementor-widget-heading .elementor-heading-title.elementor-size-small{font-size:15px}.elementor-widget-heading .elementor-heading-title.elementor-size-medium{font-size:19px}.elementor-widget-heading .elementor-heading-title.elementor-size-large{font-size:29px}.elementor-widget-heading .elementor-heading-title.elementor-size-xl{font-size:39px}.elementor-widget-heading .elementor-heading-title.elementor-size-xxl{font-size:59px}<\/style><h2 class=\"elementor-heading-title elementor-size-default\">CONDITIONS D'UTILISATION<\/h2>\t\t<\/div>\n\t\t\t\t<\/div>\n\t\t\t\t<div class=\"elementor-element elementor-element-98dbcbf elementor-widget elementor-widget-text-editor\" data-id=\"98dbcbf\" data-element_type=\"widget\" data-widget_type=\"text-editor.default\">\n\t\t\t\t<div class=\"elementor-widget-container\">\n\t\t\t<style>\/*! elementor - v3.6.7 - 03-07-2022 *\/\n.elementor-widget-text-editor.elementor-drop-cap-view-stacked .elementor-drop-cap{background-color:#818a91;color:#fff}.elementor-widget-text-editor.elementor-drop-cap-view-framed .elementor-drop-cap{color:#818a91;border:3px solid;background-color:transparent}.elementor-widget-text-editor:not(.elementor-drop-cap-view-default) .elementor-drop-cap{margin-top:8px}.elementor-widget-text-editor:not(.elementor-drop-cap-view-default) .elementor-drop-cap-letter{width:1em;height:1em}.elementor-widget-text-editor .elementor-drop-cap{float:left;text-align:center;line-height:1;font-size:50px}.elementor-widget-text-editor .elementor-drop-cap-letter{display:inline-block}<\/style>\t\t\t\t<p style=\"font-weight: 400;\">\u00a9 SPIF GESTION PATRIMONIO, SL. . Tous droits r\u00e9serv\u00e9s.<\/p><ol><li style=\"font-weight: 400;\">RELOCATION IBIZA, conform\u00e9ment \u00e0 la loi 34\/2002, du 11 juillet, sur les services de la soci\u00e9t\u00e9 de l&#8217;information et le commerce \u00e9lectronique, vous informe que sa d\u00e9nomination sociale est SPIF GESTION PATRIMONIO :<\/li><\/ol><p style=\"font-weight: 400;\">Sa raison sociale est SPIF GESTION PATRIMONIO et son num\u00e9ro de TVA est B-88062773.<\/p><ol start=\"2\"><li style=\"font-weight: 400;\">RELOCATION IBIZA informe que le site web www.relocationibiza.com a pour objet de fournir au grand public des informations sur les activit\u00e9s que m\u00e8ne cette entreprise et sur les produits et services qu&#8217;elle propose.<\/li><li style=\"font-weight: 400;\">RELOCATION IBIZA, conform\u00e9ment au r\u00e8glement europ\u00e9en sur la protection des donn\u00e9es 2016\/679 du Parlement europ\u00e9en et du Conseil du 27 avril 2016 sur la protection des donn\u00e9es personnelles (RGPD) et \u00e0 la loi organique 3\/2018, LOPD-GDD, garantit la s\u00e9curit\u00e9 et la confidentialit\u00e9 des donn\u00e9es fournies par ses clients. Voir la politique de confidentialit\u00e9 et de protection des donn\u00e9es.<\/li><li style=\"font-weight: 400;\">Les droits de propri\u00e9t\u00e9 intellectuelle du site web www.relocationibiza.com et des diff\u00e9rents \u00e9l\u00e9ments qu&#8217;il contient sont la propri\u00e9t\u00e9 de RELOCATION IBIZA.<\/li><li style=\"font-weight: 400;\">RELOCATION IBIZA se r\u00e9serve le droit d&#8217;effectuer, \u00e0 tout moment et sans pr\u00e9avis, des modifications et des mises \u00e0 jour des informations contenues dans son site web ou dans sa configuration et sa pr\u00e9sentation.<\/li><li style=\"font-weight: 400;\">RELOCATION IBIZA ne garantit pas l&#8217;inexistence d&#8217;erreurs dans l&#8217;acc\u00e8s au Web, dans son contenu, ni qu&#8217;il soit \u00e0 jour, bien qu&#8217;elle fasse ses meilleurs efforts pour les \u00e9viter, les corriger ou les actualiser.<\/li><li style=\"font-weight: 400;\">Tant l&#8217;acc\u00e8s \u00e0 ce site que l&#8217;utilisation qui peut \u00eatre faite des informations qu&#8217;il contient rel\u00e8vent de la responsabilit\u00e9 exclusive de l&#8217;utilisateur. L&#8217;utilisateur sera responsable de toutes les actions effectu\u00e9es avec son identifiant d&#8217;utilisateur. En particulier, il lui incombe de choisir, comme mot de passe et pour s&#8217;en souvenir, des mots de passe et des phrases forts, c&#8217;est-\u00e0-dire des chiffres et des lettres et m\u00eame, dans les syst\u00e8mes qui le permettent, des signes de ponctuation et des caract\u00e8res sp\u00e9ciaux difficiles \u00e0 deviner. En particulier, l&#8217;utilisateur \u00e9vitera de choisir des mots du dictionnaire, des mots qui le concernent (nom d&#8217;un membre de la famille, adresse, date de naissance, etc.) ou qui sont faciles \u00e0 deviner (combinaisons de noms avec des mois, pr\u00e9fixes et suffixes, etc.) RELOCATION IBIZA ne sera pas responsable des cons\u00e9quences, dommages ou pr\u00e9judices qui pourraient r\u00e9sulter d&#8217;un tel acc\u00e8s ou d&#8217;une telle utilisation des informations.<\/li><li style=\"font-weight: 400;\">L&#8217;utilisation non autoris\u00e9e de l&#8217;information contenue dans ce site web, ainsi que toute violation des droits de propri\u00e9t\u00e9 intellectuelle ou industrielle de RELOCATION IBIZA, donnera lieu aux responsabilit\u00e9s l\u00e9galement \u00e9tablies.<\/li><li style=\"font-weight: 400;\">RELOCATION IBIZA s&#8217;efforce de fournir des informations compl\u00e8tes et v\u00e9ridiques \u00e0 tout moment. Toutefois, les informations pr\u00e9sent\u00e9es ici n&#8217;ont en aucun cas le caract\u00e8re d&#8217;une offre contractuelle.<\/li><li style=\"font-weight: 400;\">Tous les contenus de ce site (images, textes, audio et vid\u00e9os) sont prot\u00e9g\u00e9s par le droit de la propri\u00e9t\u00e9 intellectuelle. Leur reproduction, copie, publication, modification sur tout support imprim\u00e9 et\/ou num\u00e9rique est interdite sans l&#8217;accord expr\u00e8s et \u00e9crit du titulaire de leurs droits. En outre, une licence non exclusive, gratuite et personnelle est accord\u00e9e pour utiliser, copier, imprimer et transf\u00e9rer (t\u00e9l\u00e9charger) sur un ordinateur personnel tout mat\u00e9riel ou document disponible sur le Web.<\/li><li style=\"font-weight: 400;\">RELOCATION IBIZA n&#8217;est pas responsable de l&#8217;utilisation n\u00e9gligente des contenus et se r\u00e9serve le droit d&#8217;actualiser, de modifier ou de supprimer les informations contenues dans le Web et de limiter ou de refuser l&#8217;acc\u00e8s \u00e0 ces informations de mani\u00e8re temporaire ou permanente.<\/li><\/ol>\t\t\t\t\t\t<\/div>\n\t\t\t\t<\/div>\n\t\t\t\t\t<\/div>\n\t\t<\/div>\n\t\t\t\t\t\t\t<\/div>\n\t\t<\/section>\n\t\t\t\t\t\t\t<\/div>\n\t\t","protected":false},"excerpt":{"rendered":"<p>CONDITIONS D&#8217;UTILISATION \u00a9 SPIF GESTION PATRIMONIO, SL. . Tous droits r\u00e9serv\u00e9s. RELOCATION IBIZA, conform\u00e9ment \u00e0 la loi 34\/2002, du 11 juillet, sur les services de la soci\u00e9t\u00e9 de l&#8217;information et le commerce \u00e9lectronique, vous informe que sa d\u00e9nomination sociale est SPIF GESTION PATRIMONIO : Sa raison sociale est SPIF GESTION PATRIMONIO et son num\u00e9ro de [&hellip;]<\/p>\n","protected":false},"author":1,"featured_media":0,"parent":0,"menu_order":0,"comment_status":"closed","ping_status":"closed","template":"elementor_header_footer","meta":{"footnotes":""},"class_list":["post-32557","page","type-page","status-publish","hentry"],"_links":{"self":[{"href":"https:\/\/www.relocationibiza.com\/fr\/wp-json\/wp\/v2\/pages\/32557","targetHints":{"allow":["GET"]}}],"collection":[{"href":"https:\/\/www.relocationibiza.com\/fr\/wp-json\/wp\/v2\/pages"}],"about":[{"href":"https:\/\/www.relocationibiza.com\/fr\/wp-json\/wp\/v2\/types\/page"}],"author":[{"embeddable":true,"href":"https:\/\/www.relocationibiza.com\/fr\/wp-json\/wp\/v2\/users\/1"}],"replies":[{"embeddable":true,"href":"https:\/\/www.relocationibiza.com\/fr\/wp-json\/wp\/v2\/comments?post=32557"}],"version-history":[{"count":8,"href":"https:\/\/www.relocationibiza.com\/fr\/wp-json\/wp\/v2\/pages\/32557\/revisions"}],"predecessor-version":[{"id":2230747,"href":"https:\/\/www.relocationibiza.com\/fr\/wp-json\/wp\/v2\/pages\/32557\/revisions\/2230747"}],"wp:attachment":[{"href":"https:\/\/www.relocationibiza.com\/fr\/wp-json\/wp\/v2\/media?parent=32557"}],"curies":[{"name":"wp","href":"https:\/\/api.w.org\/{rel}","templated":true}]}}