{"id":32873,"date":"2023-02-13T02:10:27","date_gmt":"2023-02-13T01:10:27","guid":{"rendered":"https:\/\/relocationibiza.com\/politica-de-cookies\/"},"modified":"2024-07-29T10:23:55","modified_gmt":"2024-07-29T08:23:55","slug":"politica-de-cookies","status":"publish","type":"page","link":"https:\/\/www.relocationibiza.com\/fr\/politique-en-lutilisation-des-cookies\/","title":{"rendered":"POLITIQUE EN L&#8217;UTILISATION DES COOKIES"},"content":{"rendered":"\t\t<div data-elementor-type=\"wp-page\" data-elementor-id=\"32873\" class=\"elementor elementor-32873 elementor-32867\">\n\t\t\t\t\t\t\t\t\t<section class=\"elementor-section elementor-top-section elementor-element elementor-element-a3a92c0 elementor-section-boxed elementor-section-height-default elementor-section-height-default\" data-id=\"a3a92c0\" data-element_type=\"section\">\n\t\t\t\t\t\t<div class=\"elementor-container elementor-column-gap-default\">\n\t\t\t\t\t<div class=\"elementor-column elementor-col-100 elementor-top-column elementor-element elementor-element-5fcf61b\" data-id=\"5fcf61b\" data-element_type=\"column\">\n\t\t\t<div class=\"elementor-widget-wrap elementor-element-populated\">\n\t\t\t\t\t\t\t\t<div class=\"elementor-element elementor-element-9c38e0c elementor-widget elementor-widget-heading\" data-id=\"9c38e0c\" data-element_type=\"widget\" data-widget_type=\"heading.default\">\n\t\t\t\t<div class=\"elementor-widget-container\">\n\t\t\t<style>\/*! elementor - v3.6.7 - 03-07-2022 *\/\n.elementor-heading-title{padding:0;margin:0;line-height:1}.elementor-widget-heading .elementor-heading-title[class*=elementor-size-]>a{color:inherit;font-size:inherit;line-height:inherit}.elementor-widget-heading .elementor-heading-title.elementor-size-small{font-size:15px}.elementor-widget-heading .elementor-heading-title.elementor-size-medium{font-size:19px}.elementor-widget-heading .elementor-heading-title.elementor-size-large{font-size:29px}.elementor-widget-heading .elementor-heading-title.elementor-size-xl{font-size:39px}.elementor-widget-heading .elementor-heading-title.elementor-size-xxl{font-size:59px}<\/style><h2 class=\"elementor-heading-title elementor-size-default\">POLITIQUE EN L'UTILISATION DES COOKIES<\/h2>\t\t<\/div>\n\t\t\t\t<\/div>\n\t\t\t\t<div class=\"elementor-element elementor-element-9ef100b elementor-widget elementor-widget-text-editor\" data-id=\"9ef100b\" data-element_type=\"widget\" data-widget_type=\"text-editor.default\">\n\t\t\t\t<div class=\"elementor-widget-container\">\n\t\t\t<style>\/*! elementor - v3.6.7 - 03-07-2022 *\/\n.elementor-widget-text-editor.elementor-drop-cap-view-stacked .elementor-drop-cap{background-color:#818a91;color:#fff}.elementor-widget-text-editor.elementor-drop-cap-view-framed .elementor-drop-cap{color:#818a91;border:3px solid;background-color:transparent}.elementor-widget-text-editor:not(.elementor-drop-cap-view-default) .elementor-drop-cap{margin-top:8px}.elementor-widget-text-editor:not(.elementor-drop-cap-view-default) .elementor-drop-cap-letter{width:1em;height:1em}.elementor-widget-text-editor .elementor-drop-cap{float:left;text-align:center;line-height:1;font-size:50px}.elementor-widget-text-editor .elementor-drop-cap-letter{display:inline-block}<\/style>\t\t\t\t<p style=\"font-weight: 400;\">Sur ce site Web, www.relocationibiza.com (le &#8220;site Web&#8221;), nous utilisons des cookies ou d&#8217;autres outils de suivi et de tra\u00e7age pour recueillir des informations sur la mani\u00e8re dont les utilisateurs utilisent le site Web.<\/p><h5><strong>1.- QU&#8217;EST-CE QU&#8217;UN COOKIE ?<\/strong><\/h5><p>Un cookie est un fichier qui est install\u00e9 dans le navigateur de votre appareil (ordinateur, mobile, etc.) afin de stocker et de r\u00e9cup\u00e9rer des donn\u00e9es. Les cookies peuvent avoir une multitude de finalit\u00e9s, en fonction de l&#8217;objectif pour lequel ils ont \u00e9t\u00e9 configur\u00e9s : par exemple, pour enregistrer les pr\u00e9f\u00e9rences, collecter des statistiques d&#8217;utilisation, activer des fonctionnalit\u00e9s techniques, entre autres.<\/p><h5><strong>2.- QUI EST RESPONSABLE ?<\/strong><\/h5><p>SPIF GESTION PATRIMONIO, S.L. avec NIF B88062773 et adresse \u00e0 Paseo de la Castellana 40, 8\u00aa planta, 28046, Madrid, est responsable du traitement des informations recueillies au moyen de cookies.<\/p><p>Si vous avez des questions concernant l&#8217;utilisation des cookies, veuillez envoyer un courriel \u00e0 info@relocationibiza.com et nous vous r\u00e9pondrons dans les meilleurs d\u00e9lais.<\/p><h5><strong>3.- QUELLES SONT LES DONN\u00c9ES COLLECT\u00c9ES PAR LES COOKIES ?<\/strong><\/h5><p>Lorsque vous acc\u00e9dez au site Web, m\u00eame si vous n&#8217;\u00eates pas inscrit, les informations suivantes sont collect\u00e9es par le biais de cookies :<\/p><p>Informations sur les appareils : lors de l&#8217;utilisation du site Web, nous recueillons des informations sur l&#8217;appareil mobile \u00e0 partir duquel vous acc\u00e9dez au site Web. Les informations que nous recueillons sont le mod\u00e8le de l&#8217;appareil, le syst\u00e8me et la version d&#8217;exploitation, l&#8217;identifiant unique de l&#8217;appareil et le r\u00e9seau.<\/p><p>Informations sur votre localisation : nous obtenons \u00e9galement votre adresse IP, votre fuseau horaire et le nom du fournisseur de services mobiles qui, le cas \u00e9ch\u00e9ant, nous permet d&#8217;obtenir une localisation g\u00e9n\u00e9rale.<br \/>Informations relatives \u00e0 la navigation des utilisateurs : nous recueillons des informations sur votre utilisation du site web. Plus pr\u00e9cis\u00e9ment, la fr\u00e9quence d&#8217;utilisation, les sections que vous visitez, l&#8217;utilisation de fonctions sp\u00e9cifiques, etc.<\/p><h5><strong>4.- QUELS TYPES DE COOKIES EXISTENT<\/strong><\/h5><p>En fonction de leur objectif, les cookies peuvent \u00eatre class\u00e9s comme suit :<\/p><p><strong>Cookies techniques :<\/strong><\/p><p>Ces cookies sont strictement n\u00e9cessaires \u00e0 la navigation sur le site web et permettent des fonctions de base telles que la navigation d&#8217;une section \u00e0 l&#8217;autre. Ils sont responsables des aspects techniques tels que l&#8217;identification des profils ou des sessions et la gestion des pr\u00e9f\u00e9rences des outils dans l&#8217;utilisation, l&#8217;interaction et la localisation de l&#8217;acc\u00e8s au contenu. Appartiennent \u00e9galement \u00e0 cette cat\u00e9gorie, en raison de leur nature technique, les cookies qui permettent de g\u00e9rer, de la mani\u00e8re la plus efficace possible, les espaces publicitaires inclus sur le site Web, sans collecter d&#8217;informations sur les utilisateurs \u00e0 d&#8217;autres fins, telles que la personnalisation de ce contenu publicitaire ou d&#8217;autres contenus.<\/p><p><strong>Cookies statistiques :<\/strong><\/p><p>Ces cookies mesurent et collectent des informations statistiques relatives \u00e0 l&#8217;utilisation du site Web par l&#8217;utilisateur, telles que le temps pass\u00e9 sur le site Web, le nombre de visites ou le contenu visit\u00e9. Ces informations permettent de comprendre comment les utilisateurs interagissent avec le site Web, d&#8217;\u00e9valuer les performances du site, de savoir quelles pages ou sections du site Web sont les plus ou les moins visit\u00e9es, y compris la quantification de l&#8217;impact des publicit\u00e9s plac\u00e9es sur le site Web (le cas \u00e9ch\u00e9ant). En disposant de ces informations, il est possible de corriger les erreurs, d&#8217;am\u00e9liorer la conception du site Web ou le contenu propos\u00e9 par le biais du site Web.<\/p><p><strong>Cookies de pr\u00e9f\u00e9rence ou de personnalisation :<\/strong><\/p><p>Les cookies de pr\u00e9f\u00e9rence permettent au site Web de se souvenir des informations de<br \/>l&#8217;utilisateur afin que ce dernier puisse acc\u00e9der au service avec certaines caract\u00e9ristiques susceptibles de diff\u00e9rencier son exp\u00e9rience de celle des autres utilisateurs. Par exemple, votre langue pr\u00e9f\u00e9r\u00e9e ou la r\u00e9gion depuis laquelle vous acc\u00e9dez au service, le nombre de r\u00e9sultats \u00e0 afficher lorsque vous effectuez une recherche, l&#8217;apparence ou le contenu du service en fonction du type d&#8217;appareil depuis lequel vous acc\u00e9dez au service.<\/p><p><strong>Cookies de publicit\u00e9 comportementale :<\/strong><\/p><p>Ces cookies permettent la gestion des espaces publicitaires, le cas \u00e9ch\u00e9ant, inclus sur le site web. Cependant, la gestion des espaces publicitaires est bas\u00e9e sur le profil de navigation de l&#8217;utilisateur. Ces cookies stockent des informations sur les habitudes de navigation des utilisateurs obtenues par l&#8217;observation continue de leurs habitudes de navigation, en d\u00e9veloppant un profil d&#8217;utilisateur sp\u00e9cifique, de sorte que les publicit\u00e9s qui apparaissent dans ces espaces seront personnalis\u00e9es pour l&#8217;utilisateur en fonction de ces habitudes.<\/p><p><strong>En fonction de l&#8217;entit\u00e9 qui les g\u00e8re :<\/strong><\/p><p><strong>Cookies propres :<\/strong> ce sont ceux qui sont envoy\u00e9s au dispositif de l&#8217;utilisateur depuis un ordinateur ou un domaine g\u00e9r\u00e9 par le responsable du site Web, dans ce cas, RELOCATION IBIZA, et depuis lequel le service demand\u00e9 par l&#8217;utilisateur est fourni.<\/p><p><strong>Cookies de tiers :<\/strong> ce sont ceux qui sont envoy\u00e9s au dispositif de l&#8217;utilisateur depuis un ordinateur ou un domaine qui n&#8217;est pas g\u00e9r\u00e9 par la partie responsable du site Web, mais par une autre entit\u00e9 qui traite les donn\u00e9es obtenues par le biais des cookies.<\/p><p><strong>Selon le temps qu&#8217;ils restent activ\u00e9s :<\/strong><\/p><p>En fonction de la dur\u00e9e pendant laquelle ils restent activ\u00e9s dans l&#8217;appareil, on peut les distinguer :<\/p><p><strong>Cookies de session :<\/strong> ils sont con\u00e7us pour collecter et stocker des donn\u00e9es pendant la dur\u00e9e de la navigation de l&#8217;utilisateur sur le site Web et sont d\u00e9sactiv\u00e9s \u00e0 la fin de la navigation.<\/p><p><strong>Cookies persistants :<\/strong> Ceux-ci stockent des donn\u00e9es et peuvent \u00eatre consult\u00e9s et trait\u00e9s pendant une p\u00e9riode d\u00e9finie par la partie responsable du cookie, qui peut aller de quelques minutes \u00e0 plusieurs ann\u00e9es.<\/p><h5><strong>5.- QUELS SONT LES COOKIES SP\u00c9CIFIQUES QUE NOUS UTILISONS SUR NOTRE SITE WEB ?<\/strong><\/h5><p>Nous utilisons les cookies suivants sur notre site web :<\/p><table width=\"849\" cellspacing=\"0\" cellpadding=\"15\"><thead><tr valign=\"top\"><td style=\"background: #a8d08d;\" bgcolor=\"#a8d08d\" width=\"131\"><p align=\"justify\"><span style=\"color: #ffffff;\"><span style=\"font-family: Times New Roman, serif;\">Identification<\/span><\/span><\/p><\/td><td style=\"background: #a8d08d;\" bgcolor=\"#a8d08d\" width=\"274\"><p align=\"justify\"><span style=\"color: #ffffff;\"><span style=\"font-family: Times New Roman, serif;\">Objectif<\/span><\/span><\/p><\/td><td style=\"background: #a8d08d;\" bgcolor=\"#a8d08d\" width=\"208\"><p align=\"justify\"><span style=\"color: #ffffff;\"><span style=\"font-family: Times New Roman, serif;\">Cookies propres\/tiers<\/span><\/span><\/p><\/td><td style=\"background: #a8d08d;\" bgcolor=\"#a8d08d\" width=\"111\"><p align=\"justify\"><span style=\"color: #ffffff;\"><span style=\"font-family: Times New Roman, serif;\">Date d&#8217;expiration<\/span><\/span><\/p><\/td><\/tr><\/thead><tbody><tr valign=\"top\"><td style=\"background: #ffffff;\" bgcolor=\"#ffffff\" width=\"131\"><p align=\"justify\"><span style=\"color: #666666;\"><span style=\"font-family: Times New Roman, serif;\">Annonc es Google<\/span><\/span><\/p><\/td><td style=\"background: #ffffff;\" bgcolor=\"#ffffff\" width=\"274\"><p align=\"justify\"><span style=\"color: #666666;\"><span style=\"font-family: Times New Roman, serif;\">Afficher des annonces personnalis\u00e9es<\/span><\/span><\/p><\/td><td style=\"background: #ffffff;\" bgcolor=\"#ffffff\" width=\"208\"><p align=\"justify\"><span style=\"color: #666666;\"><span style=\"font-family: Times New Roman, serif;\">Google LLC<\/span><\/span><\/p><\/td><td style=\"background: #ffffff;\" bgcolor=\"#ffffff\" width=\"111\"><p align=\"justify\"><span style=\"color: #666666;\"><span style=\"font-family: Times New Roman, serif;\">Permanent<\/span><\/span><\/p><p align=\"justify\">\u00a0<\/p><\/td><\/tr><\/tbody><\/table><h5><strong>6.- QUEL EST LE FONDEMENT DE LA L\u00c9GITIMIT\u00c9 QUI NOUS PERMET DE TRAITER VOS DONN\u00c9ES PAR LE BIAIS DES COOKIES ? SI OUI, SONT-ILS OBLIGATOIRES ?<\/strong><\/h5><p>Les informations que nous recueillons par le biais de cookies et d&#8217;autres dispositifs de suivi sont bas\u00e9es sur votre consentement, que nous vous demandons lorsque vous acc\u00e9dez au site Web par le biais d&#8217;une fen\u00eatre contextuelle d&#8217;information.<\/p><p>\u00c0 cet \u00e9gard, vous pouvez retirer votre consentement \u00e0 tout moment, comme expliqu\u00e9 \u00e0 la section 8.<\/p><p>Les cookies techniques ne peuvent \u00eatre d\u00e9sactiv\u00e9s, sous peine de compromettre le bon fonctionnement du site web. En g\u00e9n\u00e9ral, ils ne sont d\u00e9finis qu&#8217;en r\u00e9ponse \u00e0 des actions effectu\u00e9es lorsque vous nous demandez des services, comme la d\u00e9finition de vos pr\u00e9f\u00e9rences par rapport aux cookies eux-m\u00eames, la connexion ou le remplissage de formulaires. En cas de d\u00e9sactivation, cela peut entra\u00eener une utilisation limit\u00e9e de certains services du site Web en ne pouvant pas acc\u00e9der \u00e0 certaines fonctionnalit\u00e9s et, par cons\u00e9quent, votre exp\u00e9rience sera moins satisfaisante.<\/p><h5><strong>7.- \u00c0 QUI TRANSF\u00c9RONS-NOUS VOS INFORMATIONS PERSONNELLES ? Y A-T-IL DES TRANSFERTS INTERNATIONAUX DE DONN\u00c9ES ?<\/strong><\/h5><p>Nous utilisons certains cookies tiers, qui sont les cookies collect\u00e9s et g\u00e9r\u00e9s par un tiers, de sorte que ces entit\u00e9s recevront vos donn\u00e9es personnelles collect\u00e9es par le biais des cookies aux fins indiqu\u00e9es pour chaque cookie. Ces types de cookies sont indiqu\u00e9s dans le tableau de la section 4, en tant que &#8221; Cookies tiers &#8220;). Ce tableau identifie le tiers qui g\u00e8re chaque cookie et fournit un lien vers ses conditions g\u00e9n\u00e9rales.<br \/>Vous pouvez vous renseigner sur les transferts vers des pays tiers qui, le cas \u00e9ch\u00e9ant, sont effectu\u00e9s par les tiers identifi\u00e9s dans la pr\u00e9sente politique en mati\u00e8re de cookies dans leurs politiques correspondantes (voir les liens fournis dans la section &#8221; Cookies propres\/tiers &#8221; du tableau de la section 4).<\/p><p>Toutefois, nous expliquons ci-dessous les principaux cookies tiers que nous utilisons et leurs principales caract\u00e9ristiques.<br \/><strong>Google Analytics :<\/strong><\/p><p>Pour analyser l&#8217;utilisation du site Web, nous utilisons le syst\u00e8me de mesure d&#8217;audience Google Analytics, un service Web fourni par Google, Inc. Google recueillera des informations analytiques et statistiques sur votre utilisation du site Web afin de compiler des rapports sur l&#8217;activit\u00e9 du site.<\/p><p>Le transfert international vers Google, Inc. est bas\u00e9 sur la formalisation des clauses contractuelles types approuv\u00e9es par la Commission europ\u00e9enne.<\/p><p>Pour plus d&#8217;informations sur Google Analytics, veuillez consulter le site : http:\/\/www.google.com\/privacypolicy.html.<\/p><h5><strong>8.- COMMENT PUIS-JE ACCEPTER, REFUSER OU R\u00c9VOQUER MON CONSENTEMENT \u00c0 L&#8217;UTILISATION DE COOKIES SUR CE SITE WEB ?<\/strong><\/h5><p>Lorsque vous acc\u00e9dez \u00e0 notre site Web pour la premi\u00e8re fois, une fen\u00eatre vous est pr\u00e9sent\u00e9e dans laquelle vous pouvez indiquer si vous acceptez les cookies ou si vous souhaitez les configurer ou les refuser, \u00e0 l&#8217;exception de ceux qui sont strictement n\u00e9cessaires. Vous pouvez \u00e9galement retirer \u00e0 tout moment votre consentement pr\u00e9c\u00e9demment accord\u00e9.<\/p><p>Si vous souhaitez retirer votre consentement \u00e0 tout moment en ce qui concerne la politique en mati\u00e8re de cookies, vous avez deux possibilit\u00e9s : (i) retirer votre consentement par le biais des boutons pr\u00e9vus \u00e0 cet effet dans la pr\u00e9sente politique en mati\u00e8re de cookies ; ou<br \/>(ii) supprimer les cookies stock\u00e9s sur votre appareil par le biais des param\u00e8tres et des configurations de votre navigateur Internet.<\/p><p>Veuillez noter que si vous acceptez les cookies de tiers, vous devrez les supprimer dans les options de votre navigateur ou dans le syst\u00e8me propos\u00e9 par le tiers lui-m\u00eame.<br \/>Vous trouverez de plus amples informations sur la mani\u00e8re de d\u00e9sactiver les cookies, en fonction de votre navigateur, sur les liens suivants :<\/p><p><br \/>1. Internet Explorer : https:\/\/support.microsoft.com\/es-es\/help\/17442\/windows-internet- explorer-delete-manage-cookies<\/p><p>2. Firefox : https:\/\/support.mozilla.org\/es\/kb\/habilitar-y-deshabilitar-cookies-sitios-web- rastrear-preferencias<\/p><p>3. Chrome : https:\/\/support.google.com\/chrome\/answer\/95647?co=GENIE.Platform%3DDesktop&amp;h l=es<\/p><p>4. Safari : https:\/\/support.apple.com\/kb\/ph21411?locale=es_ES ; pour iOS : https:\/\/support.apple.com\/es-es\/HT201265<\/p><p>\u00a0<\/p><p>Vous pouvez \u00e9galement configurer votre consentement \u00e0 l&#8217;utilisation de cookies pour la publicit\u00e9 comportementale en allant sur :<\/p><p><blockquote class=\"wp-embedded-content\" data-secret=\"bWXGLJtkim\"><a href=\"https:\/\/www.youronlinechoices.com\/es\/\" target=\"_blank\" rel=\"noopener\">P\u00e1gina de bienvenida<\/a><\/blockquote><iframe loading=\"lazy\" class=\"wp-embedded-content\" sandbox=\"allow-scripts\" security=\"restricted\" style=\"position: absolute; clip: rect(1px, 1px, 1px, 1px);\" title=\"&#8220;P\u00e1gina de bienvenida&#8221; &#8212; Your Online Choices Espa\u00f1a (Spain)\" src=\"https:\/\/www.youronlinechoices.com\/es\/embed\/#?secret=iylMX7kqz3#?secret=bWXGLJtkim\" data-secret=\"bWXGLJtkim\" width=\"600\" height=\"338\" frameborder=\"0\" marginwidth=\"0\" marginheight=\"0\" scrolling=\"no\"><\/iframe><\/p><p><strong>9.- QUELS SONT LES DROITS QUE VOUS POUVEZ EXERCER EN TANT QUE PERSONNE CONCERN\u00c9E ?<\/strong><\/p><p>Les droits dont vous disposez en tant que personne concern\u00e9e par la protection de vos donn\u00e9es personnelles sont indiqu\u00e9s dans la section &#8221; Quels droits pouvez-vous exercer en tant que personne concern\u00e9e ? &#8221; de la politique de confidentialit\u00e9.<\/p><h5><strong>10.- MODIFICATIONS DE LA PR\u00c9SENTE POLITIQUE<\/strong><\/h5><p>Nous pouvons mettre \u00e0 jour la politique en mati\u00e8re de cookies de notre site Web de temps \u00e0 autre. Par cons\u00e9quent, nous vous recommandons de consulter cette politique chaque fois que vous acc\u00e9dez \u00e0 notre site Web afin d&#8217;\u00eatre correctement inform\u00e9 de la mani\u00e8re dont nous utilisons les cookies et dans quel but.<\/p>\t\t\t\t\t\t<\/div>\n\t\t\t\t<\/div>\n\t\t\t\t\t<\/div>\n\t\t<\/div>\n\t\t\t\t\t\t\t<\/div>\n\t\t<\/section>\n\t\t\t\t\t\t\t<\/div>\n\t\t","protected":false},"excerpt":{"rendered":"<p>POLITIQUE EN L&#8217;UTILISATION DES COOKIES Sur ce site Web, www.relocationibiza.com (le &#8220;site Web&#8221;), nous utilisons des cookies ou d&#8217;autres outils de suivi et de tra\u00e7age pour recueillir des informations sur la mani\u00e8re dont les utilisateurs utilisent le site Web. 1.- QU&#8217;EST-CE QU&#8217;UN COOKIE ? Un cookie est un fichier qui est install\u00e9 dans le navigateur [&hellip;]<\/p>\n","protected":false},"author":1,"featured_media":0,"parent":0,"menu_order":0,"comment_status":"closed","ping_status":"closed","template":"elementor_header_footer","meta":{"footnotes":""},"class_list":["post-32873","page","type-page","status-publish","hentry"],"_links":{"self":[{"href":"https:\/\/www.relocationibiza.com\/fr\/wp-json\/wp\/v2\/pages\/32873","targetHints":{"allow":["GET"]}}],"collection":[{"href":"https:\/\/www.relocationibiza.com\/fr\/wp-json\/wp\/v2\/pages"}],"about":[{"href":"https:\/\/www.relocationibiza.com\/fr\/wp-json\/wp\/v2\/types\/page"}],"author":[{"embeddable":true,"href":"https:\/\/www.relocationibiza.com\/fr\/wp-json\/wp\/v2\/users\/1"}],"replies":[{"embeddable":true,"href":"https:\/\/www.relocationibiza.com\/fr\/wp-json\/wp\/v2\/comments?post=32873"}],"version-history":[{"count":10,"href":"https:\/\/www.relocationibiza.com\/fr\/wp-json\/wp\/v2\/pages\/32873\/revisions"}],"predecessor-version":[{"id":2230752,"href":"https:\/\/www.relocationibiza.com\/fr\/wp-json\/wp\/v2\/pages\/32873\/revisions\/2230752"}],"wp:attachment":[{"href":"https:\/\/www.relocationibiza.com\/fr\/wp-json\/wp\/v2\/media?parent=32873"}],"curies":[{"name":"wp","href":"https:\/\/api.w.org\/{rel}","templated":true}]}}